{"id":9026,"date":"2025-11-04T15:44:10","date_gmt":"2025-11-04T14:44:10","guid":{"rendered":"https:\/\/novisa.pl\/home-purchase\/"},"modified":"2026-02-01T20:43:26","modified_gmt":"2026-02-01T19:43:26","slug":"home-purchase","status":"publish","type":"page","link":"https:\/\/novisa.pl\/en\/contact\/home-purchase\/","title":{"rendered":"Home Purchase"},"content":{"rendered":"\n<section  class=\"b-hero-basic\">\n    <div class=\"b-hero-basic__heading\">\n        <div class=\"container\">\n           \n                        \n                        <img decoding=\"async\" class=\"shape shape-right hide-desktop\" src=\"https:\/\/novisa.pl\/wp-content\/themes\/novisa\/assets\/img\/shape\/shape-hero.svg\" alt=\"\">\n            <img decoding=\"async\" class=\"shape shape-right hide-mobile\" src=\"https:\/\/novisa.pl\/wp-content\/themes\/novisa\/assets\/img\/shape\/shape-hero-desktop-right.svg\" alt=\"\">\n                        \n                        <div class=\"data\">\n                <h1 class=\"title display-xl display-mobile-md\">\n                    Home Purchase                <\/h1>\n                \n                                <p class=\"description text-xl text-mobile-lg\">\n                    Do you have questions?<br \/>\r\nWe are happy to answer them and assist with any inquiries.                <\/p>\n                \n                            <\/div>\n                    <\/div>\n    <\/div>\n\n        <div class=\"b-hero-basic__content\">\n        <div class=\"container\">\n                        <div class=\"media\">\n                <img class=\"photo\" src=\"https:\/\/novisa.pl\/wp-content\/uploads\/2026\/01\/Zakup-domu-1220x390.png\" alt=\"Home Purchase\" decoding=\"async\">\n            <\/div>\n            \n                    <\/div>\n    <\/div>\n    <\/section>\n<section  class=\"b-contact-department\">\n    <div class=\"container\">\n\n        <div class=\"b-contact-department__content\">\n                        <div class=\"b-contact-department__form\">\n                <div class=\"u-form\">\n                    <div class=\"wpforms-container wpforms-render-modern\" id=\"wpforms-1786\"><form id=\"wpforms-form-1786\" class=\"wpforms-validate wpforms-form wpforms-ajax-form\" data-formid=\"1786\" method=\"post\" enctype=\"multipart\/form-data\" action=\"\/en\/wp-json\/wp\/v2\/pages\/9026\" data-token=\"b00308282ebf1a1d7dbaa752570f1206\" data-token-time=\"1775301505\"><noscript class=\"wpforms-error-noscript\">Please enable JavaScript in your browser to complete this form.<\/noscript><div id=\"wpforms-error-noscript\" style=\"display: none;\">Please enable JavaScript in your browser to complete this form.<\/div><div class=\"wpforms-field-container\"><div id=\"wpforms-1786-field_7-container\" class=\"wpforms-field wpforms-field-html heading\" data-field-id=\"7\"><div id=\"wpforms-1786-field_7\" aria-errormessage=\"wpforms-1786-field_7-error\"><h3>Send inquiry<\/h3><\/div><\/div>\t\t<div id=\"wpforms-1786-field_1-container\"\r\n\t\t\tclass=\"wpforms-field wpforms-field-text\"\r\n\t\t\tdata-field-type=\"text\"\r\n\t\t\tdata-field-id=\"1\"\r\n\t\t\t>\r\n\t\t\t<label class=\"wpforms-field-label\" for=\"wpforms-1786-field_1\" >Address Email Number<\/label>\r\n\t\t\t<input type=\"text\" id=\"wpforms-1786-field_1\" class=\"wpforms-field-medium\" name=\"wpforms[fields][1]\" >\r\n\t\t<\/div>\r\n\t\t<div id=\"wpforms-1786-field_11-container\" class=\"wpforms-field wpforms-field-text\" data-field-id=\"11\"><label class=\"wpforms-field-label wpforms-label-hide\" for=\"wpforms-1786-field_11\" aria-hidden=\"false\">Full Name <span class=\"wpforms-required-label\" aria-hidden=\"true\">*<\/span><\/label><input type=\"text\" id=\"wpforms-1786-field_11\" class=\"wpforms-field-large wpforms-field-required\" name=\"wpforms[fields][11]\" placeholder=\"Full Name\" aria-errormessage=\"wpforms-1786-field_11-error\" required><\/div><div id=\"wpforms-1786-field_12-container\" class=\"wpforms-field wpforms-field-phone\" data-field-id=\"12\"><label class=\"wpforms-field-label wpforms-label-hide\" for=\"wpforms-1786-field_12\" aria-hidden=\"false\">Phone Number <span class=\"wpforms-required-label\" aria-hidden=\"true\">*<\/span><\/label><input type=\"tel\" id=\"wpforms-1786-field_12\" class=\"wpforms-field-large wpforms-field-required\" data-rule-int-phone-field=\"true\" name=\"wpforms[fields][12]\" placeholder=\"Phone Number\" aria-label=\"Phone Number\" aria-errormessage=\"wpforms-1786-field_12-error\" required><\/div><div id=\"wpforms-1786-field_13-container\" class=\"wpforms-field wpforms-field-email\" data-field-id=\"13\"><label class=\"wpforms-field-label wpforms-label-hide\" for=\"wpforms-1786-field_13\" aria-hidden=\"false\">Email Address <span class=\"wpforms-required-label\" aria-hidden=\"true\">*<\/span><\/label><input type=\"email\" id=\"wpforms-1786-field_13\" class=\"wpforms-field-large wpforms-field-required\" name=\"wpforms[fields][13]\" placeholder=\"Email Address\" spellcheck=\"false\" aria-errormessage=\"wpforms-1786-field_13-error\" required><\/div><div id=\"wpforms-1786-field_28-container\" class=\"wpforms-field wpforms-field-divider\" data-field-id=\"28\"><\/div><div id=\"wpforms-1786-field_26-container\" class=\"wpforms-field wpforms-field-textarea\" data-field-id=\"26\"><label class=\"wpforms-field-label\" for=\"wpforms-1786-field_26\">Message<\/label><textarea id=\"wpforms-1786-field_26\" class=\"wpforms-field-large\" name=\"wpforms[fields][26]\" placeholder=\"Your Message\" aria-errormessage=\"wpforms-1786-field_26-error\" ><\/textarea><\/div><div id=\"wpforms-1786-field_31-container\" class=\"wpforms-field wpforms-field-divider\" data-field-id=\"31\"><\/div><div id=\"wpforms-1786-field_29-container\" class=\"wpforms-field wpforms-field-checkbox\" data-field-id=\"29\"><fieldset><legend class=\"wpforms-field-label wpforms-label-hide\" aria-hidden=\"false\">SMS consent<\/legend><ul id=\"wpforms-1786-field_29\"><li class=\"choice-1 depth-1\"><input type=\"checkbox\" id=\"wpforms-1786-field_29_1\" name=\"wpforms[fields][29][]\" value=\"I consent to receiving marketing offers from Novisa Development sp. z o.o. (formerly: Novisa Development sp\u00f3\u0142ka z ograniczon\u0105 odpowiedzialno\u015bci\u0105 sp. j.), with its registered office in Warsaw, KRS: 0000973276, using telecommunications devices and so-called automatic calling systems, with electronic SMS\/MMS messages selected as the form of contact.\" aria-errormessage=\"wpforms-1786-field_29_1-error\"  ><label class=\"wpforms-field-label-inline\" for=\"wpforms-1786-field_29_1\">I consent to receiving marketing offers from Novisa Development sp. z o.o. (form&#8230; <span class=\"consent-read-more\" data-tooltip=\"consent\" data-tippy-content=\"I consent to receiving marketing offers from Novisa Development sp. z o.o. (formerly: Novisa Development sp\u00f3\u0142ka z ograniczon\u0105 odpowiedzialno\u015bci\u0105 sp. j.), with its registered office in Warsaw, KRS: 0000973276, using telecommunications devices and so-called automatic calling systems, with electronic SMS\/MMS messages selected as the form of contact.\">read more<\/span><\/label><\/li><\/ul><\/fieldset><\/div><div id=\"wpforms-1786-field_30-container\" class=\"wpforms-field wpforms-field-checkbox\" data-field-id=\"30\"><fieldset><legend class=\"wpforms-field-label wpforms-label-hide\" aria-hidden=\"false\">Email Consent<\/legend><ul id=\"wpforms-1786-field_30\"><li class=\"choice-1 depth-1\"><input type=\"checkbox\" id=\"wpforms-1786-field_30_1\" name=\"wpforms[fields][30][]\" value=\"I consent to receiving marketing offers from Novisa Development sp. z o.o. (formerly: Novisa Development sp\u00f3\u0142ka z ograniczon\u0105 odpowiedzialno\u015bci\u0105 sp. j.), with its registered office in Warsaw, KRS: 0000973276, using telecommunications devices and so-called automatic calling systems, with electronic e-mail messages selected as the form of contact.\" aria-errormessage=\"wpforms-1786-field_30_1-error\"  ><label class=\"wpforms-field-label-inline\" for=\"wpforms-1786-field_30_1\">I consent to receiving marketing offers from Novisa Development sp. z o.o. (form&#8230; <span class=\"consent-read-more\" data-tooltip=\"consent\" data-tippy-content=\"I consent to receiving marketing offers from Novisa Development sp. z o.o. (formerly: Novisa Development sp\u00f3\u0142ka z ograniczon\u0105 odpowiedzialno\u015bci\u0105 sp. j.), with its registered office in Warsaw, KRS: 0000973276, using telecommunications devices and so-called automatic calling systems, with electronic e-mail messages selected as the form of contact.\">read more<\/span><\/label><\/li><\/ul><\/fieldset><\/div><script>\r\n\t\t\t\t( function() {\r\n\t\t\t\t\tconst style = document.createElement( 'style' );\r\n\t\t\t\t\tstyle.appendChild( document.createTextNode( '#wpforms-1786-field_1-container { position: absolute !important; overflow: hidden !important; display: inline !important; height: 1px !important; width: 1px !important; z-index: -1000 !important; padding: 0 !important; } #wpforms-1786-field_1-container input { visibility: hidden; } #wpforms-conversational-form-page #wpforms-1786-field_1-container label { counter-increment: none; }' ) );\r\n\t\t\t\t\tdocument.head.appendChild( style );\r\n\t\t\t\t\tdocument.currentScript?.remove();\r\n\t\t\t\t} )();\r\n\t\t\t<\/script><\/div><!-- .wpforms-field-container --><div class=\"wpforms-recaptcha-container wpforms-is-turnstile\" ><div class=\"cf-turnstile\" data-sitekey=\"0x4AAAAAACWw7ObxSgT2B-zr\" data-action=\"FormID-1786\"><\/div><input type=\"text\" name=\"g-recaptcha-hidden\" class=\"wpforms-recaptcha-hidden\" style=\"position:absolute!important;clip:rect(0,0,0,0)!important;height:1px!important;width:1px!important;border:0!important;overflow:hidden!important;padding:0!important;margin:0!important;\" data-rule-turnstile=\"1\"><\/div><div class=\"wpforms-submit-container\" ><input type=\"hidden\" name=\"wpforms[id]\" value=\"1786\"><input type=\"hidden\" name=\"page_title\" value=\"\"><input type=\"hidden\" name=\"page_url\" value=\"https:\/\/novisa.pl\/en\/wp-json\/wp\/v2\/pages\/9026\"><input type=\"hidden\" name=\"url_referer\" value=\"\"><button type=\"submit\" name=\"wpforms[submit]\" id=\"wpforms-submit-1786\" class=\"wpforms-submit u-button u-button-navyblue u-button-simple\" data-alt-text=\"Sending...\" data-submit-text=\"Send inquiry\" aria-live=\"assertive\" value=\"wpforms-submit\">Send inquiry<\/button><img decoding=\"async\" src=\"https:\/\/novisa.pl\/wp-content\/plugins\/wpforms\/assets\/images\/submit-spin.svg\" class=\"wpforms-submit-spinner\" style=\"display: none;\" width=\"26\" height=\"26\" alt=\"Loading\"><div class=\"form-note\"><p>The controller of your personal data is Novisa Development sp. z o.o., with its registered office in Warsaw, KRS: 0000973276 (\u201cNovisa\u201d). As the controller of personal data, Novisa will process your data for the purpose of contact and performance of Novisa\u2019s services, direct marketing of Novisa\u2019s products and services, marketing of products and services of third parties, and measuring your satisfaction, based on your consent (Article 6(1)(a) of the GDPR), on the basis of a contract (in connection with the performance of a contract or taking steps at your request prior to entering into a contract \u2013 Article 6(1)(b) of the GDPR), on the basis of Novisa\u2019s legitimate interest (Article 6(1)(f) of the GDPR), or on the basis of legal provisions (Article 6(1)(c) of the GDPR), depending on the circumstances. <a href=\"https:\/\/novisa.pl\/ogolna-klauzula-informacyjna\/\" target=\"_blank\" rel=\"noopener\">Read more<\/a><\/p>\n<\/div><\/div><\/form><\/div>  <!-- .wpforms-container -->                <\/div>\n            <\/div>\n                        \n                        <ul class=\"b-contact-department__list\">\n                                <li class=\"item\">\n                    <div class=\"card\">\n                                                <img class=\"icon\" src=\"https:\/\/novisa.pl\/wp-content\/themes\/novisa\/assets\/img\/icons\/iconography\/telefon-v3.svg\" alt=\"telefon-v3\" width=\"40\" height=\"40\" decoding=\"async\">\n                        \n                                                <p class=\"title text-xl font-bold\">\n                            Call us                        <\/p>\n                        \n                                                <p class=\"description text-md font-bold\">\n                            <a href=\"tel:225457020\">(22) 545 70 20<\/a><br \/>\r\n<a href=\"tel:+48570286220\">570 286 220<\/a><br \/>\r\n<a href=\"tel:+48502142749\">502 142 749<\/a>                        <\/p>\n                                            <\/div>\n                <\/li>\n                                <li class=\"item\">\n                    <div class=\"card\">\n                                                <img class=\"icon\" src=\"https:\/\/novisa.pl\/wp-content\/themes\/novisa\/assets\/img\/icons\/iconography\/lokalizacja-v3.svg\" alt=\"lokalizacja-v3\" width=\"40\" height=\"40\" decoding=\"async\">\n                        \n                                                <p class=\"title text-xl font-bold\">\n                            Visit us                        <\/p>\n                        \n                                                <p class=\"description text-md font-bold\">\n                            Brzeziny 6, 03-256 Warsaw<br \/>\r\nIgnacego Krasickiego 126, 05-500 Nowa Wola<br \/>\r\nPabianicka 296, 93-457 \u0141\u00f3d\u017a<br \/>\r\nMorenowa 2B, 80-172 Gda\u0144sk                        <\/p>\n                                            <\/div>\n                <\/li>\n                                <li class=\"item\">\n                    <div class=\"card\">\n                                                <img class=\"icon\" src=\"https:\/\/novisa.pl\/wp-content\/themes\/novisa\/assets\/img\/icons\/iconography\/zegar-v3.svg\" alt=\"zegar-v3\" width=\"40\" height=\"40\" decoding=\"async\">\n                        \n                                                <p class=\"title text-xl font-bold\">\n                            Opening hours                        <\/p>\n                        \n                                                <p class=\"description text-md font-bold\">\n                            10:00 AM &#8211; 6:00 PM (Mon &#8211; Fri) 10:00 AM &#8211; 3:00 PM (Sat)                        <\/p>\n                                            <\/div>\n                <\/li>\n                            <\/ul>\n                    <\/div>\n\n    <\/div>\n<\/section>","protected":false},"excerpt":{"rendered":"","protected":false},"author":1,"featured_media":0,"parent":9032,"menu_order":36,"comment_status":"closed","ping_status":"closed","template":"","meta":{"_acf_changed":false,"footnotes":""},"class_list":["post-9026","page","type-page","status-publish","hentry"],"acf":[],"yoast_head":"<!-- This site is optimized with the Yoast SEO Premium plugin v26.9 (Yoast SEO v26.9) - https:\/\/yoast.com\/product\/yoast-seo-premium-wordpress\/ -->\n<title>Home Purchase - Novisa Development<\/title>\n<meta name=\"robots\" content=\"index, follow, max-snippet:-1, max-image-preview:large, max-video-preview:-1\" \/>\n<link rel=\"canonical\" href=\"https:\/\/novisa.pl\/en\/contact\/home-purchase\/\" \/>\n<meta property=\"og:locale\" content=\"en_US\" \/>\n<meta property=\"og:type\" content=\"article\" \/>\n<meta property=\"og:title\" content=\"Home Purchase\" \/>\n<meta property=\"og:url\" content=\"https:\/\/novisa.pl\/en\/contact\/home-purchase\/\" \/>\n<meta property=\"og:site_name\" content=\"Novisa Development\" \/>\n<meta property=\"article:publisher\" content=\"https:\/\/pl-pl.facebook.com\/NovisaDevelopment\" \/>\n<meta property=\"article:modified_time\" content=\"2026-02-01T19:43:26+00:00\" \/>\n<meta name=\"twitter:card\" content=\"summary_large_image\" \/>\n<script type=\"application\/ld+json\" class=\"yoast-schema-graph\">{\"@context\":\"https:\/\/schema.org\",\"@graph\":[{\"@type\":\"WebPage\",\"@id\":\"https:\/\/novisa.pl\/en\/contact\/home-purchase\/\",\"url\":\"https:\/\/novisa.pl\/en\/contact\/home-purchase\/\",\"name\":\"Home Purchase - Novisa Development\",\"isPartOf\":{\"@id\":\"https:\/\/novisa.pl\/en\/#website\"},\"datePublished\":\"2025-11-04T14:44:10+00:00\",\"dateModified\":\"2026-02-01T19:43:26+00:00\",\"breadcrumb\":{\"@id\":\"https:\/\/novisa.pl\/en\/contact\/home-purchase\/#breadcrumb\"},\"inLanguage\":\"en-US\",\"potentialAction\":[{\"@type\":\"ReadAction\",\"target\":[\"https:\/\/novisa.pl\/en\/contact\/home-purchase\/\"]}]},{\"@type\":\"BreadcrumbList\",\"@id\":\"https:\/\/novisa.pl\/en\/contact\/home-purchase\/#breadcrumb\",\"itemListElement\":[{\"@type\":\"ListItem\",\"position\":1,\"name\":\"Strona g\u0142\u00f3wna\",\"item\":\"https:\/\/novisa.pl\/en\/home\/\"},{\"@type\":\"ListItem\",\"position\":2,\"name\":\"Contact\",\"item\":\"https:\/\/novisa.pl\/en\/contact\/\"},{\"@type\":\"ListItem\",\"position\":3,\"name\":\"Home Purchase\"}]},{\"@type\":\"WebSite\",\"@id\":\"https:\/\/novisa.pl\/en\/#website\",\"url\":\"https:\/\/novisa.pl\/en\/\",\"name\":\"Novisa Development\",\"description\":\"\",\"publisher\":{\"@id\":\"https:\/\/novisa.pl\/en\/#organization\"},\"alternateName\":\"Novisa\",\"potentialAction\":[{\"@type\":\"SearchAction\",\"target\":{\"@type\":\"EntryPoint\",\"urlTemplate\":\"https:\/\/novisa.pl\/en\/?s={search_term_string}\"},\"query-input\":{\"@type\":\"PropertyValueSpecification\",\"valueRequired\":true,\"valueName\":\"search_term_string\"}}],\"inLanguage\":\"en-US\"},{\"@type\":\"Organization\",\"@id\":\"https:\/\/novisa.pl\/en\/#organization\",\"name\":\"Novisa Development\",\"url\":\"https:\/\/novisa.pl\/en\/\",\"logo\":{\"@type\":\"ImageObject\",\"inLanguage\":\"en-US\",\"@id\":\"https:\/\/novisa.pl\/en\/#\/schema\/logo\/image\/\",\"url\":\"https:\/\/novisa.pl\/wp-content\/uploads\/2025\/11\/logo.png\",\"contentUrl\":\"https:\/\/novisa.pl\/wp-content\/uploads\/2025\/11\/logo.png\",\"width\":500,\"height\":117,\"caption\":\"Novisa Development\"},\"image\":{\"@id\":\"https:\/\/novisa.pl\/en\/#\/schema\/logo\/image\/\"},\"sameAs\":[\"https:\/\/pl-pl.facebook.com\/NovisaDevelopment\",\"https:\/\/www.youtube.com\/channel\/UCqAm4P8E1Xyg4Iz28YiOmEQ\",\"https:\/\/www.instagram.com\/novisa.development\/\"]}]}<\/script>\n<!-- \/ Yoast SEO Premium plugin. -->","yoast_head_json":{"title":"Home Purchase - Novisa Development","robots":{"index":"index","follow":"follow","max-snippet":"max-snippet:-1","max-image-preview":"max-image-preview:large","max-video-preview":"max-video-preview:-1"},"canonical":"https:\/\/novisa.pl\/en\/contact\/home-purchase\/","og_locale":"en_US","og_type":"article","og_title":"Home Purchase","og_url":"https:\/\/novisa.pl\/en\/contact\/home-purchase\/","og_site_name":"Novisa Development","article_publisher":"https:\/\/pl-pl.facebook.com\/NovisaDevelopment","article_modified_time":"2026-02-01T19:43:26+00:00","twitter_card":"summary_large_image","schema":{"@context":"https:\/\/schema.org","@graph":[{"@type":"WebPage","@id":"https:\/\/novisa.pl\/en\/contact\/home-purchase\/","url":"https:\/\/novisa.pl\/en\/contact\/home-purchase\/","name":"Home Purchase - Novisa Development","isPartOf":{"@id":"https:\/\/novisa.pl\/en\/#website"},"datePublished":"2025-11-04T14:44:10+00:00","dateModified":"2026-02-01T19:43:26+00:00","breadcrumb":{"@id":"https:\/\/novisa.pl\/en\/contact\/home-purchase\/#breadcrumb"},"inLanguage":"en-US","potentialAction":[{"@type":"ReadAction","target":["https:\/\/novisa.pl\/en\/contact\/home-purchase\/"]}]},{"@type":"BreadcrumbList","@id":"https:\/\/novisa.pl\/en\/contact\/home-purchase\/#breadcrumb","itemListElement":[{"@type":"ListItem","position":1,"name":"Strona g\u0142\u00f3wna","item":"https:\/\/novisa.pl\/en\/home\/"},{"@type":"ListItem","position":2,"name":"Contact","item":"https:\/\/novisa.pl\/en\/contact\/"},{"@type":"ListItem","position":3,"name":"Home Purchase"}]},{"@type":"WebSite","@id":"https:\/\/novisa.pl\/en\/#website","url":"https:\/\/novisa.pl\/en\/","name":"Novisa Development","description":"","publisher":{"@id":"https:\/\/novisa.pl\/en\/#organization"},"alternateName":"Novisa","potentialAction":[{"@type":"SearchAction","target":{"@type":"EntryPoint","urlTemplate":"https:\/\/novisa.pl\/en\/?s={search_term_string}"},"query-input":{"@type":"PropertyValueSpecification","valueRequired":true,"valueName":"search_term_string"}}],"inLanguage":"en-US"},{"@type":"Organization","@id":"https:\/\/novisa.pl\/en\/#organization","name":"Novisa Development","url":"https:\/\/novisa.pl\/en\/","logo":{"@type":"ImageObject","inLanguage":"en-US","@id":"https:\/\/novisa.pl\/en\/#\/schema\/logo\/image\/","url":"https:\/\/novisa.pl\/wp-content\/uploads\/2025\/11\/logo.png","contentUrl":"https:\/\/novisa.pl\/wp-content\/uploads\/2025\/11\/logo.png","width":500,"height":117,"caption":"Novisa Development"},"image":{"@id":"https:\/\/novisa.pl\/en\/#\/schema\/logo\/image\/"},"sameAs":["https:\/\/pl-pl.facebook.com\/NovisaDevelopment","https:\/\/www.youtube.com\/channel\/UCqAm4P8E1Xyg4Iz28YiOmEQ","https:\/\/www.instagram.com\/novisa.development\/"]}]}},"_links":{"self":[{"href":"https:\/\/novisa.pl\/en\/wp-json\/wp\/v2\/pages\/9026","targetHints":{"allow":["GET"]}}],"collection":[{"href":"https:\/\/novisa.pl\/en\/wp-json\/wp\/v2\/pages"}],"about":[{"href":"https:\/\/novisa.pl\/en\/wp-json\/wp\/v2\/types\/page"}],"author":[{"embeddable":true,"href":"https:\/\/novisa.pl\/en\/wp-json\/wp\/v2\/users\/1"}],"replies":[{"embeddable":true,"href":"https:\/\/novisa.pl\/en\/wp-json\/wp\/v2\/comments?post=9026"}],"version-history":[{"count":0,"href":"https:\/\/novisa.pl\/en\/wp-json\/wp\/v2\/pages\/9026\/revisions"}],"up":[{"embeddable":true,"href":"https:\/\/novisa.pl\/en\/wp-json\/wp\/v2\/pages\/9032"}],"wp:attachment":[{"href":"https:\/\/novisa.pl\/en\/wp-json\/wp\/v2\/media?parent=9026"}],"curies":[{"name":"wp","href":"https:\/\/api.w.org\/{rel}","templated":true}]}}